{"id":4680,"date":"2023-02-02T17:48:09","date_gmt":"2023-02-02T15:48:09","guid":{"rendered":"https:\/\/ekt.elit.sumdu.edu.ua\/protasova-tetiana-oleksandrivna\/"},"modified":"2023-02-02T17:48:09","modified_gmt":"2023-02-02T15:48:09","slug":"protasova-tetiana-oleksandrivna","status":"publish","type":"page","link":"https:\/\/ekt.elit.sumdu.edu.ua\/en\/protasova-tetiana-oleksandrivna\/","title":{"rendered":"Protasova Tetiana Oleksandrivna"},"content":{"rendered":"<table style=\"border-collapse: collapse; width: 100%;\">\n<tbody>\n<tr>\n<td style=\"width: 33.3333%;\"><\/td>\n<td style=\"width: 33.3333%; text-align: center; vertical-align: middle;\"><img loading=\"lazy\" decoding=\"async\" class=\"alignnone wp-image-3156\" src=\"https:\/\/ekt.elit.sumdu.edu.ua\/wp-content\/uploads\/2023\/02\/588ce5ec-adc1-4cea-b6a2-7b54fc02857a-219x300.jpg\" alt=\"\" width=\"323\" height=\"442\" srcset=\"https:\/\/ekt.elit.sumdu.edu.ua\/wp-content\/uploads\/2023\/02\/588ce5ec-adc1-4cea-b6a2-7b54fc02857a-219x300.jpg 219w, https:\/\/ekt.elit.sumdu.edu.ua\/wp-content\/uploads\/2023\/02\/588ce5ec-adc1-4cea-b6a2-7b54fc02857a.jpg 451w\" sizes=\"auto, (max-width: 323px) 100vw, 323px\" \/><\/td>\n<td style=\"width: 33.3333%;\"><\/td>\n<\/tr>\n<\/tbody>\n<\/table>\n<p>&nbsp;<\/p>\n<p><span style=\"font-size: 14pt;\">Senior Lecturer<\/span><\/p>\n<p>&nbsp;<\/p>\n<p><span style=\"font-size: 14pt;\">E-mail:\u00a0<a href=\"mailto:t.protasova@ekt.sumdu.edu.ua\"><span style=\"color: #3366ff;\">t.protasova@ekt.sumdu.edu.ua<\/span><\/a>.<\/span><\/p>\n<p>&nbsp;<\/p>\n<p><span style=\"font-size: 14pt;\"><strong>Direction of scientific research:<\/strong><\/span><\/p>\n<p>&nbsp;<\/p>\n<p><span style=\"font-size: 14pt;\">Telecommunication systems of data transmission, interference-resistant coding of information, solving problems of television image compression, proposed a new method of image compression based on the use of binomial number systems with a multi-valued alphabet.<\/span><\/p>\n<p>&nbsp;<\/p>\n<p><span style=\"font-size: 14pt;\">Twice scholar of the Cabinet of Ministers of Ukraine.<\/span><\/p>\n<p>&nbsp;<\/p>\n<p><span style=\"font-size: 14pt;\"><strong>HIRSCH INDEX (according to SCOPUS database):<\/strong> 2.<\/span><\/p>\n<p>&nbsp;<\/p>\n<p><span style=\"font-size: 14pt;\"><strong>ID:<\/strong>\u00a056439623500.<\/span><\/p>\n<p>&nbsp;<\/p>\n<p><span style=\"font-size: 14pt;\"><strong>ORCID:<\/strong>\u00a00000-0002-8849-2665.<\/span><\/p>\n<p>&nbsp;<\/p>\n<p><span style=\"font-size: 14pt;\"><strong>EDUCATION:<\/strong><\/span><\/p>\n<p>&nbsp;<\/p>\n<p><span style=\"font-size: 14pt;\">1982-1988: Kharkiv Polytechnic Institute. Specialty &#8220;Information and measurement technology&#8221;, diploma with honors.<\/span><\/p>\n<p>&nbsp;<\/p>\n<p><span style=\"font-size: 14pt;\">1994-1997: postgraduate studies at the Industrial Electronics Department of Sumy State University.<\/span><\/p>\n<p>&nbsp;<\/p>\n<p><span style=\"font-size: 14pt;\"><strong>EXPERIENCE:<\/strong><\/span><\/p>\n<p>&nbsp;<\/p>\n<p><span style=\"font-size: 14pt;\">1988-1991 &#8211; engineer of the industrial electronics department of the Sumy branch of the Kharkiv Polytechnic Institute.<\/span><\/p>\n<p>&nbsp;<\/p>\n<p><span style=\"font-size: 14pt;\">1991-1994 &#8211; assistant professor of industrial electronics department of Sumy State University<\/span><\/p>\n<p>&nbsp;<\/p>\n<p><span style=\"font-size: 14pt;\">1997-2002 &#8211; assistant professor of industrial electronics department of Sumy State University.<\/span><\/p>\n<p>&nbsp;<\/p>\n<p><span style=\"font-size: 14pt;\">2002-2003 &#8211; senior lecturer of the department of industrial electronics of Sumy State University.<\/span><\/p>\n<p>&nbsp;<\/p>\n<p><span style=\"font-size: 14pt;\">From 2003 to the present, he is a senior lecturer at the Department of Electronics and Computer Engineering of Sumy State University.<\/span><\/p>\n<p>&nbsp;<\/p>\n<p><span style=\"font-size: 14pt;\">2004-2009 &#8211; served as deputy dean for academic work of the Faculty of Physics and Technology<\/span><\/p>\n<p>&nbsp;<\/p>\n<p><span style=\"font-size: 14pt;\">Repeatedly acted as a curator of a student group.<\/span><\/p>\n<p>&nbsp;<\/p>\n<p><span style=\"font-size: 14pt;\"><strong>TEACHING EXPERIENCE:<\/strong><\/span><\/p>\n<p>&nbsp;<\/p>\n<p><span style=\"font-size: 14pt;\">Taught educational disciplines: &#8220;Electronic industrial devices&#8221;, &#8220;Telecommunications data transmission systems&#8221;, &#8220;Information display systems&#8221;, &#8220;Information protection in electronic systems&#8221;, &#8220;Information basics of electronic equipment&#8221;, &#8220;Digital circuits&#8221;, &#8220;Discrete mathematics&#8221;, &#8220;Modeling in electronics&#8221;, &#8220;Computer modeling in electronics&#8221;, &#8220;Arithmetic and logical foundations of computer systems&#8221;, &#8220;Applied theory of computer electronics&#8221;, &#8220;Control systems&#8221;, &#8220;Digital automata&#8221;, &#8220;Schematic engineering of telecommunication systems&#8221;, &#8221; Circuit engineering&#8221;, &#8220;Computerized automata&#8221; for students of specialties 171 &#8220;Electronics: Electronic systems and components&#8221; and 172 &#8220;Telecommunications and radio engineering&#8221; of Sumy State University.<\/span><\/p>\n<p>&nbsp;<\/p>\n<p><span style=\"font-size: 14pt;\"><strong>Main scientific publications<\/strong><\/span><\/p>\n<p>&nbsp;<\/p>\n<table style=\"width: 99.0329%;\">\n<tbody>\n<tr>\n<td style=\"width: 4.22961%; text-align: center; background-color: #ffffff; border-color: #000000; border-style: solid;\" width=\"24\"><span style=\"font-size: 14pt;\">1<\/span><\/td>\n<td style=\"width: 200.906%; background-color: #ffffff; border-color: #000000; border-style: solid;\" width=\"622\">\n<p style=\"padding-left: 40px;\"><span style=\"font-size: 14pt;\">Protasova T.A. Method of optimal encoding of a probabilistic stationary source of information\/ Telecommunications and Radio Engineering (English translation of Elektrosvyaz and Radiotekhnika), 2004, 61(1), \u0441\u0442\u0440. 84\u201391.<\/span><\/p>\n<\/td>\n<\/tr>\n<tr>\n<td style=\"width: 4.22961%; text-align: center; background-color: #ffffff; border-color: #000000; border-style: solid;\" width=\"24\"><span style=\"font-size: 14pt;\">2<\/span><\/td>\n<td style=\"width: 200.906%; background-color: #ffffff; border-color: #000000; border-style: solid;\" width=\"622\">\n<p style=\"padding-left: 40px;\"><span style=\"font-size: 14pt;\">Protasova T.A. Binomial multiple-valued codes for information transfer jamming resistance \/ Protasova T.A., Protasova K.A. \/\/ 24 International Crimean Conference Microware &amp; Telecommunication Technology \u2013 Sevastopol, Ukraine 07.09 \u2013 13.09.2014.<\/span><\/p>\n<p style=\"padding-left: 40px;\"><span style=\"font-size: 14pt;\">INSPEC Accession Number 14772196<\/span><\/p>\n<p style=\"padding-left: 40px;\"><span style=\"font-size: 14pt;\">DOI:10.1109\/CRMICO.2014.6959442<\/span><\/p>\n<\/td>\n<\/tr>\n<tr>\n<td style=\"width: 4.22961%; text-align: center; background-color: #ffffff; border-color: #000000; border-style: solid;\" width=\"24\"><span style=\"font-size: 14pt;\">3<\/span><\/td>\n<td style=\"width: 200.906%; background-color: #ffffff; border-color: #000000; border-style: solid;\" width=\"622\">\n<p style=\"padding-left: 40px;\"><span style=\"font-size: 14pt;\">Protasova T.A. Adaptive compression based on binominal numbers \/ Borysenko A.A., Petryshyn L.B., Ivanchuk A.V., Protasova T.A., Skakovskaya A.N. &#8211; \/\/24 International Crimean Conference Microware &amp; Telecommunication Technology \u2013 Sevastopol, Ukraine 07.09 \u2013 13.09.2014.<\/span><\/p>\n<p style=\"padding-left: 40px;\"><span style=\"font-size: 14pt;\">INSPEC Accession Number 14772258<\/span><\/p>\n<p style=\"padding-left: 40px;\"><span style=\"font-size: 14pt;\">DOI:10.1109\/CRMICO.2014.6959443<\/span><\/p>\n<\/td>\n<\/tr>\n<tr>\n<td style=\"width: 4.22961%; text-align: center; background-color: #ffffff; border-color: #000000; border-style: solid;\" width=\"24\"><span style=\"font-size: 14pt;\">4<\/span><\/td>\n<td style=\"width: 200.906%; background-color: #ffffff; border-color: #000000; border-style: solid;\" width=\"622\">\n<p style=\"padding-left: 40px;\"><span style=\"font-size: 14pt;\">Protasova T.A. The Fibonacci numeral system for Computer Vision \/ Olexiy A. Borysenko, Vyacheslav V. \u041aalashnikov, Tatiana A. Protasova, Nataliya I. Kalashnikova, Svetlana M. Matsenko. \u2013 Computer Vision in Control Systems-3: Aerial and Satellite Image Processing, 2017. \u2013 P. 321-343.<\/span><\/p>\n<\/td>\n<\/tr>\n<tr>\n<td style=\"width: 4.22961%; text-align: center; background-color: #ffffff; border-color: #000000; border-style: solid;\" width=\"24\"><span style=\"font-size: 14pt;\">5<\/span><\/td>\n<td style=\"width: 200.906%; background-color: #ffffff; border-color: #000000; border-style: solid;\" width=\"622\">\n<p style=\"padding-left: 40px;\"><span style=\"font-size: 14pt;\">Protasova T.O. The influence of optical and recombination losses on the efficiency of thin-film solar cells with a copper oxide absorber layer \/ O.V. Diachenko, O.A. Dobrozhan, A.S. Opanasyuk, M.M. Ivashchenko, T.O. Protasova, D.I. Kurbatov, A. \u010cer\u0161kus \/\/ Superlattices and Microstructures. \u2013 2018. \u2013 Vol. 122. \u2013 P. 476.<\/span><\/p>\n<\/td>\n<\/tr>\n<tr>\n<td style=\"width: 4.22961%; text-align: center; background-color: #ffffff; border-color: #000000; border-style: solid;\" width=\"24\"><span style=\"font-size: 14pt;\">6<\/span><\/td>\n<td style=\"width: 200.906%; background-color: #ffffff; border-color: #000000; border-style: solid;\" width=\"622\">\n<p style=\"padding-left: 40px;\"><span style=\"font-size: 14pt;\">Protasova T.O. Fabrication and Characterization of Heterojunction Based on a Copper Oxide Layer \/ O.V. Diachenko, A.S. Opanasyuk, P. Nov\u00e1k, J. Kov\u00e1\u010d \/\/ 2021 IEEE 2nd KhPI Week on Advanced Technology (KhPIWeek). \u2013 IEEE, 2021. \u2013 P. 510-514.<\/span><\/p>\n<\/td>\n<\/tr>\n<\/tbody>\n<\/table>\n<p>&nbsp;<\/p>\n<p><span style=\"font-size: 14pt;\"><strong>SCIENTIFIC MONOGRAPHS:<\/strong><\/span><\/p>\n<p>&nbsp;<\/p>\n<p><span style=\"font-size: 14pt;\">A New Approach to the Classification of Positional Numeral Systems \/ Kalashnikov V.V., Borysenko A.A., Kalashnikova N.I., Protasova T.O. Frontiers of Artificial Intelligence and Applications. The Netherlands, Amsterdam, 2014 &#8211; P.- 441-450. IOS Press<\/span><\/p>\n<p>&nbsp;<\/p>\n<p><span style=\"font-size: 14pt;\"><strong>PROFILES IN PROFESSIONAL NETWORKS AND DATABASES:<\/strong><\/span><\/p>\n<p>&nbsp;<\/p>\n<p><span style=\"font-size: 14pt;\">Scopus:\u00a0https:\/\/www.scopus.com\/authid\/detail.uri?authorId=56439623500<\/span><\/p>\n<p>&nbsp;<\/p>\n<p><span style=\"font-size: 14pt;\">The author of more than 120 scientific and methodical publications, including more than 30 articles in highly rated journals, 1 monograph, lecture notes.<\/span><\/p>\n<p>&nbsp;<\/p>\n<p><span style=\"font-size: 14pt;\"><strong>PARTICIPATION IN SCIENTIFIC PROJECTS:<\/strong><\/span><\/p>\n<p>&nbsp;<\/p>\n<p><span style=\"font-size: 14pt;\">She was the executor of several state-budget research topics under the leadership of O.A. Borysenko.<\/span><\/p>\n","protected":false},"excerpt":{"rendered":"<p>&nbsp; Senior Lecturer &nbsp; E-mail:\u00a0t.protasova@ekt.sumdu.edu.ua. &nbsp; Direction of scientific research: &nbsp; Telecommunication systems of data transmission, interference-resistant coding of information, solving problems of television image compression, proposed a new method of image compression based on the use of binomial number systems with a multi-valued alphabet. &nbsp; Twice scholar of the Cabinet of Ministers of Ukraine. [&hellip;]<\/p>\n","protected":false},"author":1,"featured_media":0,"parent":0,"menu_order":0,"comment_status":"closed","ping_status":"closed","template":"","meta":{"inline_featured_image":false,"footnotes":""},"class_list":["post-4680","page","type-page","status-publish","hentry"],"acf":[],"_links":{"self":[{"href":"https:\/\/ekt.elit.sumdu.edu.ua\/en\/wp-json\/wp\/v2\/pages\/4680","targetHints":{"allow":["GET"]}}],"collection":[{"href":"https:\/\/ekt.elit.sumdu.edu.ua\/en\/wp-json\/wp\/v2\/pages"}],"about":[{"href":"https:\/\/ekt.elit.sumdu.edu.ua\/en\/wp-json\/wp\/v2\/types\/page"}],"author":[{"embeddable":true,"href":"https:\/\/ekt.elit.sumdu.edu.ua\/en\/wp-json\/wp\/v2\/users\/1"}],"replies":[{"embeddable":true,"href":"https:\/\/ekt.elit.sumdu.edu.ua\/en\/wp-json\/wp\/v2\/comments?post=4680"}],"version-history":[{"count":0,"href":"https:\/\/ekt.elit.sumdu.edu.ua\/en\/wp-json\/wp\/v2\/pages\/4680\/revisions"}],"wp:attachment":[{"href":"https:\/\/ekt.elit.sumdu.edu.ua\/en\/wp-json\/wp\/v2\/media?parent=4680"}],"curies":[{"name":"wp","href":"https:\/\/api.w.org\/{rel}","templated":true}]}}